{"id":371,"date":"2025-01-16T15:03:29","date_gmt":"2025-01-16T15:03:29","guid":{"rendered":"https:\/\/canadanordic.com\/?page_id=371"},"modified":"2025-03-14T20:21:33","modified_gmt":"2025-03-14T20:21:33","slug":"free-evaluation","status":"publish","type":"page","link":"https:\/\/canadanordic.com\/es\/free-evaluation\/","title":{"rendered":"Evaluaci\u00f3n gratuita"},"content":{"rendered":"<div data-elementor-type=\"wp-page\" data-elementor-id=\"371\" class=\"elementor elementor-371\" data-elementor-post-type=\"page\">\n\t\t\t\t<div class=\"e-con-top elementor-element elementor-element-3700225 e-flex e-con-boxed e-con e-parent\" data-id=\"3700225\" data-element_type=\"container\" data-settings=\"{&quot;jet_parallax_layout_list&quot;:[]}\">\n\t\t\t\t\t<div class=\"e-con-inner\">\n\t\t<div class=\"elementor-element elementor-element-213829d e-con-full e-flex e-con e-child\" data-id=\"213829d\" data-element_type=\"container\" data-settings=\"{&quot;jet_parallax_layout_list&quot;:[]}\">\n\t\t\t\t<div class=\"elementor-element elementor-element-214c654 elementor-widget elementor-widget-heading\" data-id=\"214c654\" data-element_type=\"widget\" data-widget_type=\"heading.default\">\n\t\t\t\t<div class=\"elementor-widget-container\">\n\t\t\t\t\t<h2 class=\"elementor-heading-title elementor-size-default\">Evaluaci\u00f3n gratuita<\/h2>\t\t\t\t<\/div>\n\t\t\t\t<\/div>\n\t\t\t\t<div class=\"elementor-element elementor-element-7522bde elementor-align-left elementor-widget__width-inherit du_svg  elementor-widget elementor-widget-button\" data-id=\"7522bde\" data-element_type=\"widget\" data-widget_type=\"button.default\">\n\t\t\t\t<div class=\"elementor-widget-container\">\n\t\t\t\t\t\t\t\t\t<div class=\"elementor-button-wrapper\">\n\t\t\t\t\t<a class=\"elementor-button elementor-button-link elementor-size-sm\" href=\"#down\">\n\t\t\t\t\t\t<span class=\"elementor-button-content-wrapper\">\n\t\t\t\t\t\t<span class=\"elementor-button-icon\">\n\t\t\t\t<svg xmlns=\"http:\/\/www.w3.org\/2000\/svg\" width=\"25\" height=\"24\" viewbox=\"0 0 25 24\" fill=\"none\"><g id=\"chevron_right\"><mask id=\"mask0_2778_6332\" style=\"mask-type:alpha\" maskunits=\"userSpaceOnUse\" x=\"0\" y=\"0\" width=\"25\" height=\"24\"><rect id=\"Bounding box\" x=\"24.5\" width=\"24\" height=\"24\" transform=\"rotate(90 24.5 0)\" fill=\"#D9D9D9\"><\/rect><\/mask><g mask=\"url(#mask0_2778_6332)\"><path id=\"chevron_right_2\" d=\"M12.5002 12.6008L16.4002 8.70078C16.5835 8.51745 16.8169 8.42578 17.1002 8.42578C17.3835 8.42578 17.6169 8.51745 17.8002 8.70078C17.9835 8.88411 18.0752 9.11745 18.0752 9.40078C18.0752 9.68411 17.9835 9.91745 17.8002 10.1008L13.2002 14.7008C13.1002 14.8008 12.9919 14.8716 12.8752 14.9133C12.7585 14.9549 12.6335 14.9758 12.5002 14.9758C12.3669 14.9758 12.2419 14.9549 12.1252 14.9133C12.0085 14.8716 11.9002 14.8008 11.8002 14.7008L7.2002 10.1008C7.01686 9.91745 6.92519 9.68411 6.92519 9.40078C6.92519 9.11745 7.01686 8.88411 7.2002 8.70078C7.38353 8.51745 7.61686 8.42578 7.9002 8.42578C8.18353 8.42578 8.41686 8.51745 8.60019 8.70078L12.5002 12.6008Z\" fill=\"white\"><\/path><\/g><\/g><\/svg>\t\t\t<\/span>\n\t\t\t\t\t\t\t\t<\/span>\n\t\t\t\t\t<\/a>\n\t\t\t\t<\/div>\n\t\t\t\t\t\t\t\t<\/div>\n\t\t\t\t<\/div>\n\t\t\t\t<div class=\"elementor-element elementor-element-c11a9a1 elementor-hidden-desktop elementor-hidden-tablet elementor-widget elementor-widget-menu-anchor\" data-id=\"c11a9a1\" data-element_type=\"widget\" data-widget_type=\"menu-anchor.default\">\n\t\t\t\t<div class=\"elementor-widget-container\">\n\t\t\t\t\t\t\t<div class=\"elementor-menu-anchor\" id=\"down\"><\/div>\n\t\t\t\t\t\t<\/div>\n\t\t\t\t<\/div>\n\t\t\t\t<\/div>\n\t\t<div class=\"elementor-element elementor-element-c5a895e e-con-full e-flex e-con e-child\" data-id=\"c5a895e\" data-element_type=\"container\" data-settings=\"{&quot;jet_parallax_layout_list&quot;:[]}\">\n\t\t\t\t<div class=\"elementor-element elementor-element-f4353ac elementor-widget elementor-widget-text-editor\" data-id=\"f4353ac\" data-element_type=\"widget\" data-widget_type=\"text-editor.default\">\n\t\t\t\t<div class=\"elementor-widget-container\">\n\t\t\t\t\t\t\t\t\t<p>Ofrecemos una herramienta de evaluaci\u00f3n gratuita para ayudarte a comenzar con tu proceso de inmigraci\u00f3n. Simplemente completa el formulario y te enviaremos un an\u00e1lisis general de tu perfil junto con las posibles opciones de inmigraci\u00f3n a Canad\u00e1.<\/p><p>Despu\u00e9s de revisar tu formulario de evaluaci\u00f3n, nos comunicaremos contigo a la brevedad por correo electr\u00f3nico. Aseg\u00farate de revisar tu bandeja de entrada y tu carpeta de correo no deseado.<\/p><p>Al proporcionarnos informaci\u00f3n precisa y detallada, nos permites ofrecerte el asesoramiento m\u00e1s adecuado adaptado a tu situaci\u00f3n espec\u00edfica.<\/p>\t\t\t\t\t\t\t\t<\/div>\n\t\t\t\t<\/div>\n\t\t\t\t<\/div>\n\t\t\t\t<div class=\"elementor-element elementor-element-5bfaf68 elementor-widget__width-inherit jedv-enabled--yes elementor-widget elementor-widget-html\" data-id=\"5bfaf68\" data-element_type=\"widget\" data-widget_type=\"html.default\">\n\t\t\t\t<div class=\"elementor-widget-container\">\n\t\t\t\t\t<script type=\"text\/javascript\" src=\"https:\/\/form.jotform.com\/jsform\/250144170861248\"><\/script>\t\t\t\t<\/div>\n\t\t\t\t<\/div>\n\t\t\t\t\t<\/div>\n\t\t\t\t<\/div>\n\t\t\t\t<\/div>","protected":false},"excerpt":{"rendered":"<p>Free evaluation We offer a free evaluation tool to help you get started with your immigration process. Simply complete the form, and we will send you a general analysis of your profile along with potential immigration options for Canada. After reviewing your evaluation form, we will promptly reach out to you via email. Please be [&hellip;]<\/p>","protected":false},"author":5,"featured_media":0,"parent":0,"menu_order":0,"comment_status":"closed","ping_status":"closed","template":"elementor_header_footer","meta":{"_acf_changed":false,"footnotes":""},"class_list":["post-371","page","type-page","status-publish","hentry"],"acf":[],"yoast_head":"<!-- This site is optimized with the Yoast SEO Premium plugin v24.5 (Yoast SEO v24.5) - https:\/\/yoast.com\/wordpress\/plugins\/seo\/ -->\n<title>Canada Nordic | Free evaluation<\/title>\n<meta name=\"description\" content=\"Making Canadian Immigration simpler and more human.\" \/>\n<meta name=\"robots\" content=\"index, follow, max-snippet:-1, max-image-preview:large, max-video-preview:-1\" \/>\n<link rel=\"canonical\" href=\"https:\/\/canadanordic.com\/es\/free-evaluation\/\" \/>\n<meta property=\"og:locale\" content=\"es_ES\" \/>\n<meta property=\"og:type\" content=\"article\" \/>\n<meta property=\"og:title\" content=\"Canada Nordic | Free evaluation\" \/>\n<meta property=\"og:description\" content=\"Making Canadian Immigration simpler and more human.\" \/>\n<meta property=\"og:url\" content=\"https:\/\/canadanordic.com\/es\/free-evaluation\/\" \/>\n<meta property=\"og:site_name\" content=\"Canada Nordic\" \/>\n<meta property=\"article:modified_time\" content=\"2025-03-14T20:21:33+00:00\" \/>\n<meta property=\"og:image\" content=\"https:\/\/canadanordic.com\/wp-content\/uploads\/2025\/03\/yoast.jpg\" \/>\n\t<meta property=\"og:image:width\" content=\"1200\" \/>\n\t<meta property=\"og:image:height\" content=\"675\" \/>\n\t<meta property=\"og:image:type\" content=\"image\/jpeg\" \/>\n<meta name=\"twitter:card\" content=\"summary_large_image\" \/>\n<script type=\"application\/ld+json\" class=\"yoast-schema-graph\">{\"@context\":\"https:\/\/schema.org\",\"@graph\":[{\"@type\":\"WebPage\",\"@id\":\"https:\/\/canadanordic.com\/free-evaluation\/\",\"url\":\"https:\/\/canadanordic.com\/free-evaluation\/\",\"name\":\"Canada Nordic | Free evaluation\",\"isPartOf\":{\"@id\":\"https:\/\/canadanordic.com\/#website\"},\"datePublished\":\"2025-01-16T15:03:29+00:00\",\"dateModified\":\"2025-03-14T20:21:33+00:00\",\"description\":\"Making Canadian Immigration simpler and more human.\",\"breadcrumb\":{\"@id\":\"https:\/\/canadanordic.com\/free-evaluation\/#breadcrumb\"},\"inLanguage\":\"es\",\"potentialAction\":[{\"@type\":\"ReadAction\",\"target\":[\"https:\/\/canadanordic.com\/free-evaluation\/\"]}]},{\"@type\":\"BreadcrumbList\",\"@id\":\"https:\/\/canadanordic.com\/free-evaluation\/#breadcrumb\",\"itemListElement\":[{\"@type\":\"ListItem\",\"position\":1,\"name\":\"Home\",\"item\":\"https:\/\/canadanordic.com\/\"},{\"@type\":\"ListItem\",\"position\":2,\"name\":\"Free evaluation\"}]},{\"@type\":\"WebSite\",\"@id\":\"https:\/\/canadanordic.com\/#website\",\"url\":\"https:\/\/canadanordic.com\/\",\"name\":\"Canada Nordic\",\"description\":\"\",\"publisher\":{\"@id\":\"https:\/\/canadanordic.com\/#organization\"},\"alternateName\":\"Canada Nordic\",\"potentialAction\":[{\"@type\":\"SearchAction\",\"target\":{\"@type\":\"EntryPoint\",\"urlTemplate\":\"https:\/\/canadanordic.com\/?s={search_term_string}\"},\"query-input\":{\"@type\":\"PropertyValueSpecification\",\"valueRequired\":true,\"valueName\":\"search_term_string\"}}],\"inLanguage\":\"es\"},{\"@type\":\"Organization\",\"@id\":\"https:\/\/canadanordic.com\/#organization\",\"name\":\"Canada Nordic\",\"alternateName\":\"Canada Nordic\",\"url\":\"https:\/\/canadanordic.com\/\",\"logo\":{\"@type\":\"ImageObject\",\"inLanguage\":\"es\",\"@id\":\"https:\/\/canadanordic.com\/#\/schema\/logo\/image\/\",\"url\":\"https:\/\/canadanordic.com\/wp-content\/uploads\/2025\/01\/Logo-canada.svg\",\"contentUrl\":\"https:\/\/canadanordic.com\/wp-content\/uploads\/2025\/01\/Logo-canada.svg\",\"width\":253,\"height\":56,\"caption\":\"Canada Nordic\"},\"image\":{\"@id\":\"https:\/\/canadanordic.com\/#\/schema\/logo\/image\/\"},\"sameAs\":[\"https:\/\/www.instagram.com\/canadanordic\",\"https:\/\/www.linkedin.com\/company\/canada-nordic-immigration-services\"],\"description\":\"Making Canadian Immigration simpler and more human.\",\"email\":\"info@canadanordic.com\",\"telephone\":\"+1 416 534 0040\"}]}<\/script>\n<!-- \/ Yoast SEO Premium plugin. -->","yoast_head_json":{"title":"Canada Nordic | Free evaluation","description":"Making Canadian Immigration simpler and more human.","robots":{"index":"index","follow":"follow","max-snippet":"max-snippet:-1","max-image-preview":"max-image-preview:large","max-video-preview":"max-video-preview:-1"},"canonical":"https:\/\/canadanordic.com\/es\/free-evaluation\/","og_locale":"es_ES","og_type":"article","og_title":"Canada Nordic | Free evaluation","og_description":"Making Canadian Immigration simpler and more human.","og_url":"https:\/\/canadanordic.com\/es\/free-evaluation\/","og_site_name":"Canada Nordic","article_modified_time":"2025-03-14T20:21:33+00:00","og_image":[{"width":1200,"height":675,"url":"https:\/\/canadanordic.com\/wp-content\/uploads\/2025\/03\/yoast.jpg","type":"image\/jpeg"}],"twitter_card":"summary_large_image","schema":{"@context":"https:\/\/schema.org","@graph":[{"@type":"WebPage","@id":"https:\/\/canadanordic.com\/free-evaluation\/","url":"https:\/\/canadanordic.com\/free-evaluation\/","name":"Canada Nordic | Free evaluation","isPartOf":{"@id":"https:\/\/canadanordic.com\/#website"},"datePublished":"2025-01-16T15:03:29+00:00","dateModified":"2025-03-14T20:21:33+00:00","description":"Making Canadian Immigration simpler and more human.","breadcrumb":{"@id":"https:\/\/canadanordic.com\/free-evaluation\/#breadcrumb"},"inLanguage":"es","potentialAction":[{"@type":"ReadAction","target":["https:\/\/canadanordic.com\/free-evaluation\/"]}]},{"@type":"BreadcrumbList","@id":"https:\/\/canadanordic.com\/free-evaluation\/#breadcrumb","itemListElement":[{"@type":"ListItem","position":1,"name":"Home","item":"https:\/\/canadanordic.com\/"},{"@type":"ListItem","position":2,"name":"Free evaluation"}]},{"@type":"WebSite","@id":"https:\/\/canadanordic.com\/#website","url":"https:\/\/canadanordic.com\/","name":"Canada Nordic","description":"","publisher":{"@id":"https:\/\/canadanordic.com\/#organization"},"alternateName":"Canada Nordic","potentialAction":[{"@type":"SearchAction","target":{"@type":"EntryPoint","urlTemplate":"https:\/\/canadanordic.com\/?s={search_term_string}"},"query-input":{"@type":"PropertyValueSpecification","valueRequired":true,"valueName":"search_term_string"}}],"inLanguage":"es"},{"@type":"Organization","@id":"https:\/\/canadanordic.com\/#organization","name":"Canada Nordic","alternateName":"Canada Nordic","url":"https:\/\/canadanordic.com\/","logo":{"@type":"ImageObject","inLanguage":"es","@id":"https:\/\/canadanordic.com\/#\/schema\/logo\/image\/","url":"https:\/\/canadanordic.com\/wp-content\/uploads\/2025\/01\/Logo-canada.svg","contentUrl":"https:\/\/canadanordic.com\/wp-content\/uploads\/2025\/01\/Logo-canada.svg","width":253,"height":56,"caption":"Canada Nordic"},"image":{"@id":"https:\/\/canadanordic.com\/#\/schema\/logo\/image\/"},"sameAs":["https:\/\/www.instagram.com\/canadanordic","https:\/\/www.linkedin.com\/company\/canada-nordic-immigration-services"],"description":"Making Canadian Immigration simpler and more human.","email":"info@canadanordic.com","telephone":"+1 416 534 0040"}]}},"_links":{"self":[{"href":"https:\/\/canadanordic.com\/es\/wp-json\/wp\/v2\/pages\/371","targetHints":{"allow":["GET"]}}],"collection":[{"href":"https:\/\/canadanordic.com\/es\/wp-json\/wp\/v2\/pages"}],"about":[{"href":"https:\/\/canadanordic.com\/es\/wp-json\/wp\/v2\/types\/page"}],"author":[{"embeddable":true,"href":"https:\/\/canadanordic.com\/es\/wp-json\/wp\/v2\/users\/5"}],"replies":[{"embeddable":true,"href":"https:\/\/canadanordic.com\/es\/wp-json\/wp\/v2\/comments?post=371"}],"version-history":[{"count":55,"href":"https:\/\/canadanordic.com\/es\/wp-json\/wp\/v2\/pages\/371\/revisions"}],"predecessor-version":[{"id":4269,"href":"https:\/\/canadanordic.com\/es\/wp-json\/wp\/v2\/pages\/371\/revisions\/4269"}],"wp:attachment":[{"href":"https:\/\/canadanordic.com\/es\/wp-json\/wp\/v2\/media?parent=371"}],"curies":[{"name":"wp","href":"https:\/\/api.w.org\/{rel}","templated":true}]}}