{"id":565,"date":"2025-01-20T20:01:47","date_gmt":"2025-01-20T20:01:47","guid":{"rendered":"https:\/\/canadanordic.com\/?page_id=565"},"modified":"2025-03-05T16:44:34","modified_gmt":"2025-03-05T16:44:34","slug":"social-impact","status":"publish","type":"page","link":"https:\/\/canadanordic.com\/es\/social-impact\/","title":{"rendered":"Impacto Social"},"content":{"rendered":"<div data-elementor-type=\"wp-page\" data-elementor-id=\"565\" class=\"elementor elementor-565\" data-elementor-post-type=\"page\">\n\t\t\t\t<div class=\"e-con-top elementor-element elementor-element-6b6fc32 e-flex e-con-boxed e-con e-parent\" data-id=\"6b6fc32\" data-element_type=\"container\" data-settings=\"{&quot;jet_parallax_layout_list&quot;:[]}\">\n\t\t\t\t\t<div class=\"e-con-inner\">\n\t\t<div class=\"elementor-element elementor-element-88ff7c3 e-con-full e-flex e-con e-child\" data-id=\"88ff7c3\" data-element_type=\"container\" data-settings=\"{&quot;jet_parallax_layout_list&quot;:[]}\">\n\t\t\t\t<div class=\"elementor-element elementor-element-4fde095 elementor-widget elementor-widget-heading\" data-id=\"4fde095\" data-element_type=\"widget\" data-widget_type=\"heading.default\">\n\t\t\t\t<div class=\"elementor-widget-container\">\n\t\t\t\t\t<h2 class=\"elementor-heading-title elementor-size-default\">Impacto Social<\/h2>\t\t\t\t<\/div>\n\t\t\t\t<\/div>\n\t\t\t\t<div class=\"elementor-element elementor-element-61716d4 elementor-align-left elementor-widget__width-inherit du_svg  elementor-mobile-align-center e-transform elementor-widget elementor-widget-button\" data-id=\"61716d4\" data-element_type=\"widget\" data-settings=\"{&quot;_transform_rotateZ_effect_mobile&quot;:{&quot;unit&quot;:&quot;deg&quot;,&quot;size&quot;:90,&quot;sizes&quot;:[]},&quot;_transform_rotateZ_effect&quot;:{&quot;unit&quot;:&quot;px&quot;,&quot;size&quot;:&quot;&quot;,&quot;sizes&quot;:[]},&quot;_transform_rotateZ_effect_tablet&quot;:{&quot;unit&quot;:&quot;deg&quot;,&quot;size&quot;:&quot;&quot;,&quot;sizes&quot;:[]}}\" data-widget_type=\"button.default\">\n\t\t\t\t<div class=\"elementor-widget-container\">\n\t\t\t\t\t\t\t\t\t<div class=\"elementor-button-wrapper\">\n\t\t\t\t\t<a class=\"elementor-button elementor-button-link elementor-size-sm\" href=\"#down\">\n\t\t\t\t\t\t<span class=\"elementor-button-content-wrapper\">\n\t\t\t\t\t\t<span class=\"elementor-button-icon\">\n\t\t\t\t<svg xmlns=\"http:\/\/www.w3.org\/2000\/svg\" width=\"24\" height=\"24\" viewbox=\"0 0 24 24\" fill=\"none\"><g id=\"chevron_right\"><mask id=\"mask0_2778_894\" style=\"mask-type:alpha\" maskunits=\"userSpaceOnUse\" x=\"0\" y=\"0\" width=\"24\" height=\"24\"><rect id=\"Bounding box\" width=\"24\" height=\"24\" fill=\"#D9D9D9\"><\/rect><\/mask><g mask=\"url(#mask0_2778_894)\"><path id=\"chevron_right_2\" d=\"M12.5998 12.0008L8.6998 8.10078C8.51647 7.91745 8.4248 7.68411 8.4248 7.40078C8.4248 7.11745 8.51647 6.88411 8.6998 6.70078C8.88314 6.51745 9.11647 6.42578 9.3998 6.42578C9.68314 6.42578 9.91647 6.51745 10.0998 6.70078L14.6998 11.3008C14.7998 11.4008 14.8706 11.5091 14.9123 11.6258C14.954 11.7424 14.9748 11.8674 14.9748 12.0008C14.9748 12.1341 14.954 12.2591 14.9123 12.3758C14.8706 12.4924 14.7998 12.6008 14.6998 12.7008L10.0998 17.3008C9.91647 17.4841 9.68314 17.5758 9.3998 17.5758C9.11647 17.5758 8.88314 17.4841 8.6998 17.3008C8.51647 17.1174 8.4248 16.8841 8.4248 16.6008C8.4248 16.3174 8.51647 16.0841 8.6998 15.9008L12.5998 12.0008Z\" fill=\"white\"><\/path><\/g><\/g><\/svg>\t\t\t<\/span>\n\t\t\t\t\t\t\t\t<\/span>\n\t\t\t\t\t<\/a>\n\t\t\t\t<\/div>\n\t\t\t\t\t\t\t\t<\/div>\n\t\t\t\t<\/div>\n\t\t\t\t<\/div>\n\t\t<div class=\"elementor-element elementor-element-2e98b40 e-con-full e-flex e-con e-child\" data-id=\"2e98b40\" data-element_type=\"container\" data-settings=\"{&quot;jet_parallax_layout_list&quot;:[]}\">\n\t\t\t\t<div class=\"elementor-element elementor-element-3ee94d3 elementor-hidden-desktop elementor-hidden-tablet elementor-widget elementor-widget-menu-anchor\" data-id=\"3ee94d3\" data-element_type=\"widget\" data-widget_type=\"menu-anchor.default\">\n\t\t\t\t<div class=\"elementor-widget-container\">\n\t\t\t\t\t\t\t<div class=\"elementor-menu-anchor\" id=\"down\"><\/div>\n\t\t\t\t\t\t<\/div>\n\t\t\t\t<\/div>\n\t\t\t\t<div class=\"elementor-element elementor-element-5bb9782 elementor-widget__width-initial elementor-widget elementor-widget-heading\" data-id=\"5bb9782\" data-element_type=\"widget\" data-widget_type=\"heading.default\">\n\t\t\t\t<div class=\"elementor-widget-container\">\n\t\t\t\t\t<h2 class=\"elementor-heading-title elementor-size-default\">Creemos en el poder transformador de la comunidad y la inmigraci\u00f3n.\n<\/h2>\t\t\t\t<\/div>\n\t\t\t\t<\/div>\n\t\t\t\t<div class=\"elementor-element elementor-element-9bf773d elementor-widget__width-initial elementor-widget elementor-widget-text-editor\" data-id=\"9bf773d\" data-element_type=\"widget\" data-widget_type=\"text-editor.default\">\n\t\t\t\t<div class=\"elementor-widget-container\">\n\t\t\t\t\t\t\t\t\t<p>Nos apasiona abrir puertas para aquellos que de otra manera podr\u00edan enfrentar puertas cerradas.<\/p>\t\t\t\t\t\t\t\t<\/div>\n\t\t\t\t<\/div>\n\t\t\t\t<\/div>\n\t\t\t\t\t<\/div>\n\t\t\t\t<\/div>\n\t\t<div class=\"e-con-top elementor-element elementor-element-15fb490 e-con-full e-flex e-con e-parent\" data-id=\"15fb490\" data-element_type=\"container\" data-settings=\"{&quot;jet_parallax_layout_list&quot;:[]}\">\n\t\t\t\t<div class=\"elementor-element elementor-element-cb5ba21 elementor-widget__width-inherit elementor-widget elementor-widget-image\" data-id=\"cb5ba21\" data-element_type=\"widget\" data-widget_type=\"image.default\">\n\t\t\t\t<div class=\"elementor-widget-container\">\n\t\t\t\t\t\t\t\t\t\t\t\t\t\t\t<img fetchpriority=\"high\" decoding=\"async\" width=\"768\" height=\"283\" src=\"https:\/\/canadanordic.com\/wp-content\/uploads\/2025\/02\/2589.jpg\" class=\"attachment-full size-full wp-image-1745\" alt=\"\" srcset=\"https:\/\/canadanordic.com\/wp-content\/uploads\/2025\/02\/2589.jpg 768w, https:\/\/canadanordic.com\/wp-content\/uploads\/2025\/02\/2589-300x111.jpg 300w\" sizes=\"(max-width: 768px) 100vw, 768px\" \/>\t\t\t\t\t\t\t\t\t\t\t\t\t\t\t<\/div>\n\t\t\t\t<\/div>\n\t\t\t\t<\/div>\n\t\t<div class=\"e-con-top elementor-element elementor-element-c11a58c e-flex e-con-boxed e-con e-parent\" data-id=\"c11a58c\" data-element_type=\"container\" data-settings=\"{&quot;jet_parallax_layout_list&quot;:[]}\">\n\t\t\t\t\t<div class=\"e-con-inner\">\n\t\t\t\t<div class=\"elementor-element elementor-element-267aacf elementor-widget__width-inherit elementor-absolute elementor-widget elementor-widget-menu-anchor\" data-id=\"267aacf\" data-element_type=\"widget\" data-settings=\"{&quot;_position&quot;:&quot;absolute&quot;}\" data-widget_type=\"menu-anchor.default\">\n\t\t\t\t<div class=\"elementor-widget-container\">\n\t\t\t\t\t\t\t<div class=\"elementor-menu-anchor\" id=\"probono\"><\/div>\n\t\t\t\t\t\t<\/div>\n\t\t\t\t<\/div>\n\t\t\t\t<div class=\"elementor-element elementor-element-98ae06d elementor-widget__width-initial elementor-widget-tablet__width-inherit elementor-widget elementor-widget-image\" data-id=\"98ae06d\" data-element_type=\"widget\" data-widget_type=\"image.default\">\n\t\t\t\t<div class=\"elementor-widget-container\">\n\t\t\t\t\t\t\t\t\t\t\t\t\t\t\t<img decoding=\"async\" width=\"584\" height=\"376\" src=\"https:\/\/canadanordic.com\/wp-content\/uploads\/2025\/01\/148195.jpg\" class=\"attachment-full size-full wp-image-224\" alt=\"\" srcset=\"https:\/\/canadanordic.com\/wp-content\/uploads\/2025\/01\/148195.jpg 584w, https:\/\/canadanordic.com\/wp-content\/uploads\/2025\/01\/148195-300x193.jpg 300w\" sizes=\"(max-width: 584px) 100vw, 584px\" \/>\t\t\t\t\t\t\t\t\t\t\t\t\t\t\t<\/div>\n\t\t\t\t<\/div>\n\t\t<div class=\"elementor-element elementor-element-cb0d1c0 e-con-full e-flex e-con e-child\" data-id=\"cb0d1c0\" data-element_type=\"container\" data-settings=\"{&quot;jet_parallax_layout_list&quot;:[]}\">\n\t\t\t\t<div class=\"elementor-element elementor-element-0783ae1 elementor-widget-mobile__width-initial elementor-widget elementor-widget-heading\" data-id=\"0783ae1\" data-element_type=\"widget\" data-widget_type=\"heading.default\">\n\t\t\t\t<div class=\"elementor-widget-container\">\n\t\t\t\t\t<h2 class=\"elementor-heading-title elementor-size-default\">Pro Bono<\/h2>\t\t\t\t<\/div>\n\t\t\t\t<\/div>\n\t\t\t\t<div class=\"elementor-element elementor-element-f8d2346 elementor-widget elementor-widget-text-editor\" data-id=\"f8d2346\" data-element_type=\"widget\" data-widget_type=\"text-editor.default\">\n\t\t\t\t<div class=\"elementor-widget-container\">\n\t\t\t\t\t\t\t\t\t<p>Brindar servicios legales de inmigraci\u00f3n pro bono es una extensi\u00f3n de nuestra dedicaci\u00f3n a generar un impacto significativo. Creemos que todos merecen acceso a un apoyo de inmigraci\u00f3n de calidad, independientemente de sus circunstancias financieras. Al ofrecer nuestra experiencia a quienes la necesitan, defendemos los valores de compasi\u00f3n, justicia e igualdad.\u00a0<\/p><p>Los servicios pro bono no se tratan s\u00f3lo de asesoramiento legal: se trata de crear un cambio positivo y duradero.<\/p>\t\t\t\t\t\t\t\t<\/div>\n\t\t\t\t<\/div>\n\t\t\t\t<div class=\"elementor-element elementor-element-0c75d5e elementor-mobile-align-center elementor-widget-mobile__width-initial elementor-widget elementor-widget-button\" data-id=\"0c75d5e\" data-element_type=\"widget\" data-widget_type=\"button.default\">\n\t\t\t\t<div class=\"elementor-widget-container\">\n\t\t\t\t\t\t\t\t\t<div class=\"elementor-button-wrapper\">\n\t\t\t\t\t<a class=\"elementor-button elementor-button-link elementor-size-sm\" href=\"https:\/\/canadanordic.com\/es\/contact\/\">\n\t\t\t\t\t\t<span class=\"elementor-button-content-wrapper\">\n\t\t\t\t\t\t<span class=\"elementor-button-icon\">\n\t\t\t\t<svg xmlns=\"http:\/\/www.w3.org\/2000\/svg\" width=\"6\" height=\"10\" viewbox=\"0 0 6 10\" fill=\"none\"><path d=\"M3.47917 4.64583L0.229167 1.39583C0.0763889 1.24306 0 1.04861 0 0.8125C0 0.576389 0.0763889 0.381944 0.229167 0.229167C0.381944 0.0763889 0.576389 0 0.8125 0C1.04861 0 1.24306 0.0763889 1.39583 0.229167L5.22917 4.0625C5.3125 4.14583 5.37153 4.23611 5.40625 4.33333C5.44097 4.43056 5.45833 4.53472 5.45833 4.64583C5.45833 4.75694 5.44097 4.86111 5.40625 4.95833C5.37153 5.05556 5.3125 5.14583 5.22917 5.22917L1.39583 9.0625C1.24306 9.21528 1.04861 9.29167 0.8125 9.29167C0.576389 9.29167 0.381944 9.21528 0.229167 9.0625C0.0763889 8.90972 0 8.71528 0 8.47917C0 8.24306 0.0763889 8.04861 0.229167 7.89583L3.47917 4.64583Z\" fill=\"#484847\"><\/path><\/svg>\t\t\t<\/span>\n\t\t\t\t\t\t\t\t\t<span class=\"elementor-button-text\">Cont\u00e1ctanos<\/span>\n\t\t\t\t\t<\/span>\n\t\t\t\t\t<\/a>\n\t\t\t\t<\/div>\n\t\t\t\t\t\t\t\t<\/div>\n\t\t\t\t<\/div>\n\t\t\t\t<div class=\"elementor-element elementor-element-2bce0a3 elementor-mobile-align-center elementor-widget-mobile__width-initial elementor-widget elementor-widget-button\" data-id=\"2bce0a3\" data-element_type=\"widget\" data-widget_type=\"button.default\">\n\t\t\t\t<div class=\"elementor-widget-container\">\n\t\t\t\t\t\t\t\t\t<div class=\"elementor-button-wrapper\">\n\t\t\t\t\t<a class=\"elementor-button elementor-button-link elementor-size-sm\" href=\"#elementor-action%3Aaction%3Dpopup%3Aopen%26settings%3DeyJpZCI6IjM4MTAiLCJ0b2dnbGUiOmZhbHNlfQ%3D%3D\" target=\"_blank\">\n\t\t\t\t\t\t<span class=\"elementor-button-content-wrapper\">\n\t\t\t\t\t\t<span class=\"elementor-button-icon\">\n\t\t\t\t<svg xmlns=\"http:\/\/www.w3.org\/2000\/svg\" width=\"14\" height=\"14\" viewbox=\"0 0 14 14\" fill=\"none\"><path d=\"M6.99967 9.97982C6.88856 9.97982 6.7844 9.96246 6.68717 9.92773C6.58995 9.89301 6.49967 9.83398 6.41634 9.75065L3.41634 6.75065C3.24967 6.58398 3.16981 6.38954 3.17676 6.16732C3.1837 5.9451 3.26356 5.75065 3.41634 5.58398C3.58301 5.41732 3.78092 5.33051 4.01009 5.32357C4.23926 5.31662 4.43717 5.39648 4.60384 5.56315L6.16634 7.12565V1.16732C6.16634 0.931207 6.2462 0.73329 6.40592 0.573568C6.56565 0.413845 6.76356 0.333984 6.99967 0.333984C7.23579 0.333984 7.4337 0.413845 7.59342 0.573568C7.75315 0.73329 7.83301 0.931207 7.83301 1.16732V7.12565L9.39551 5.56315C9.56217 5.39648 9.76009 5.31662 9.98926 5.32357C10.2184 5.33051 10.4163 5.41732 10.583 5.58398C10.7358 5.75065 10.8156 5.9451 10.8226 6.16732C10.8295 6.38954 10.7497 6.58398 10.583 6.75065L7.58301 9.75065C7.49967 9.83398 7.4094 9.89301 7.31217 9.92773C7.21495 9.96246 7.11079 9.97982 6.99967 9.97982ZM1.99967 13.6673C1.54134 13.6673 1.14898 13.5041 0.822591 13.1777C0.496202 12.8513 0.333008 12.459 0.333008 12.0007V10.334C0.333008 10.0979 0.412869 9.89996 0.572591 9.74023C0.732313 9.58051 0.93023 9.50065 1.16634 9.50065C1.40245 9.50065 1.60037 9.58051 1.76009 9.74023C1.91981 9.89996 1.99967 10.0979 1.99967 10.334V12.0007H11.9997V10.334C11.9997 10.0979 12.0795 9.89996 12.2393 9.74023C12.399 9.58051 12.5969 9.50065 12.833 9.50065C13.0691 9.50065 13.267 9.58051 13.4268 9.74023C13.5865 9.89996 13.6663 10.0979 13.6663 10.334V12.0007C13.6663 12.459 13.5031 12.8513 13.1768 13.1777C12.8504 13.5041 12.458 13.6673 11.9997 13.6673H1.99967Z\" fill=\"#1D1D1B\"><\/path><\/svg>\t\t\t<\/span>\n\t\t\t\t\t\t\t\t\t<span class=\"elementor-button-text\">OBTENER UNA DESCRIPCI\u00d3N GENERAL DEL PROGRAMA<\/span>\n\t\t\t\t\t<\/span>\n\t\t\t\t\t<\/a>\n\t\t\t\t<\/div>\n\t\t\t\t\t\t\t\t<\/div>\n\t\t\t\t<\/div>\n\t\t\t\t<\/div>\n\t\t<div class=\"elementor-element elementor-element-8f0ca6c e-con-full e-flex e-con e-child\" data-id=\"8f0ca6c\" data-element_type=\"container\" data-settings=\"{&quot;jet_parallax_layout_list&quot;:[]}\">\n\t\t\t\t<div class=\"elementor-element elementor-element-d7b7925 elementor-widget-mobile__width-inherit elementor-widget elementor-widget-heading\" data-id=\"d7b7925\" data-element_type=\"widget\" data-widget_type=\"heading.default\">\n\t\t\t\t<div class=\"elementor-widget-container\">\n\t\t\t\t\t<h2 class=\"elementor-heading-title elementor-size-default\">Despensa con Amor<\/h2>\t\t\t\t<\/div>\n\t\t\t\t<\/div>\n\t\t\t\t<div class=\"elementor-element elementor-element-79b6084 elementor-widget elementor-widget-text-editor\" data-id=\"79b6084\" data-element_type=\"widget\" data-widget_type=\"text-editor.default\">\n\t\t\t\t<div class=\"elementor-widget-container\">\n\t\t\t\t\t\t\t\t\t<p>En Canada Nordic nuestra organizaci\u00f3n ben\u00e9fica beneficiaria es Despensa con Amor.<\/p><p>En Despensa con Amor somos una iniciativa comunitaria dedicada a brindar alimentos esenciales y apoyo a familias e individuos que enfrentan dificultades econ\u00f3micas en M\u00e9xico y Sudam\u00e9rica. Nuestra misi\u00f3n es simple pero poderosa: ofrecer alimento, cuidado y solidaridad a quienes m\u00e1s lo necesitan.<\/p><p>Fundada en la creencia de que nadie deber\u00eda pasar hambre, especialmente en tiempos de crisis, y en \u00e9pocas de celebraci\u00f3n y festividades, Despensa con Amor recolecta, organiza y distribuye alimentos y suministros esenciales a poblaciones y familias vulnerables.\u00a0<\/p><p>Nuestro nombre, Despensa con Amor, refleja la esencia de nuestra iniciativa. No nos dedicamos solo a dar alimentos; tambi\u00e9n brindamos esperanza, compasi\u00f3n y un sentido de pertenencia. A trav\u00e9s de asociaciones con organizaciones locales, voluntarios y donantes, nuestro objetivo es construir una red s\u00f3lida y solidaria que ayude a quienes m\u00e1s lo necesitan.<\/p><p>\u00a0Cada contribuci\u00f3n, por peque\u00f1a que sea, marca la diferencia. Ya sea que dones alimentos, tiempo o apoyo financiero, juntos podemos hacer que nuestras comunidades sean m\u00e1s fuertes y resilientes.<\/p><p>\u00danete a nosotros para difundir el amor, una despensa a la vez.<\/p>\t\t\t\t\t\t\t\t<\/div>\n\t\t\t\t<\/div>\n\t\t\t\t<div class=\"elementor-element elementor-element-3314bd3 elementor-mobile-align-center elementor-widget-mobile__width-inherit elementor-widget elementor-widget-button\" data-id=\"3314bd3\" data-element_type=\"widget\" data-widget_type=\"button.default\">\n\t\t\t\t<div class=\"elementor-widget-container\">\n\t\t\t\t\t\t\t\t\t<div class=\"elementor-button-wrapper\">\n\t\t\t\t\t<a class=\"elementor-button elementor-button-link elementor-size-sm\" href=\"https:\/\/canadanordic.com\/es\/contact\/\">\n\t\t\t\t\t\t<span class=\"elementor-button-content-wrapper\">\n\t\t\t\t\t\t<span class=\"elementor-button-icon\">\n\t\t\t\t<svg xmlns=\"http:\/\/www.w3.org\/2000\/svg\" width=\"6\" height=\"10\" viewbox=\"0 0 6 10\" fill=\"none\"><path d=\"M3.47917 4.64583L0.229167 1.39583C0.0763889 1.24306 0 1.04861 0 0.8125C0 0.576389 0.0763889 0.381944 0.229167 0.229167C0.381944 0.0763889 0.576389 0 0.8125 0C1.04861 0 1.24306 0.0763889 1.39583 0.229167L5.22917 4.0625C5.3125 4.14583 5.37153 4.23611 5.40625 4.33333C5.44097 4.43056 5.45833 4.53472 5.45833 4.64583C5.45833 4.75694 5.44097 4.86111 5.40625 4.95833C5.37153 5.05556 5.3125 5.14583 5.22917 5.22917L1.39583 9.0625C1.24306 9.21528 1.04861 9.29167 0.8125 9.29167C0.576389 9.29167 0.381944 9.21528 0.229167 9.0625C0.0763889 8.90972 0 8.71528 0 8.47917C0 8.24306 0.0763889 8.04861 0.229167 7.89583L3.47917 4.64583Z\" fill=\"#484847\"><\/path><\/svg>\t\t\t<\/span>\n\t\t\t\t\t\t\t\t\t<span class=\"elementor-button-text\">Cont\u00e1ctanos<\/span>\n\t\t\t\t\t<\/span>\n\t\t\t\t\t<\/a>\n\t\t\t\t<\/div>\n\t\t\t\t\t\t\t\t<\/div>\n\t\t\t\t<\/div>\n\t\t\t\t<\/div>\n\t\t\t\t<div class=\"elementor-element elementor-element-769ea9c elementor-widget__width-initial elementor-widget-tablet__width-inherit elementor-widget elementor-widget-image\" data-id=\"769ea9c\" data-element_type=\"widget\" data-widget_type=\"image.default\">\n\t\t\t\t<div class=\"elementor-widget-container\">\n\t\t\t\t\t\t\t\t\t\t\t\t\t\t\t<img decoding=\"async\" width=\"496\" height=\"693\" src=\"https:\/\/canadanordic.com\/wp-content\/uploads\/2025\/02\/136327.jpg\" class=\"attachment-full size-full wp-image-1752\" alt=\"\" srcset=\"https:\/\/canadanordic.com\/wp-content\/uploads\/2025\/02\/136327.jpg 496w, https:\/\/canadanordic.com\/wp-content\/uploads\/2025\/02\/136327-215x300.jpg 215w\" sizes=\"(max-width: 496px) 100vw, 496px\" \/>\t\t\t\t\t\t\t\t\t\t\t\t\t\t\t<\/div>\n\t\t\t\t<\/div>\n\t\t\t\t\t<\/div>\n\t\t\t\t<\/div>\n\t\t\t\t<\/div>","protected":false},"excerpt":{"rendered":"<p>Social Impact We believe in the transformative power of community &amp; immigration. We&#8217;re passionate about opening doors for those who might otherwise face closed ones. Pro Bono Providing pro bono legal immigration services is an extension of our dedication to making a meaningful impact. We believe that everyone deserves access to quality immigration support, regardless [&hellip;]<\/p>","protected":false},"author":5,"featured_media":0,"parent":0,"menu_order":0,"comment_status":"closed","ping_status":"closed","template":"elementor_header_footer","meta":{"_acf_changed":false,"footnotes":""},"class_list":["post-565","page","type-page","status-publish","hentry"],"acf":[],"yoast_head":"<!-- This site is optimized with the Yoast SEO Premium plugin v24.5 (Yoast SEO v24.5) - https:\/\/yoast.com\/wordpress\/plugins\/seo\/ -->\n<title>Canada Nordic | Social Impact<\/title>\n<meta name=\"description\" content=\"Making Canadian Immigration simpler and more human.\" \/>\n<meta name=\"robots\" content=\"index, follow, max-snippet:-1, max-image-preview:large, max-video-preview:-1\" \/>\n<link rel=\"canonical\" href=\"https:\/\/canadanordic.com\/es\/social-impact\/\" \/>\n<meta property=\"og:locale\" content=\"es_ES\" \/>\n<meta property=\"og:type\" content=\"article\" \/>\n<meta property=\"og:title\" content=\"Canada Nordic | Social Impact\" \/>\n<meta property=\"og:description\" content=\"Making Canadian Immigration simpler and more human.\" \/>\n<meta property=\"og:url\" content=\"https:\/\/canadanordic.com\/es\/social-impact\/\" \/>\n<meta property=\"og:site_name\" content=\"Canada Nordic\" \/>\n<meta property=\"article:modified_time\" content=\"2025-03-05T16:44:34+00:00\" \/>\n<meta property=\"og:image\" content=\"https:\/\/canadanordic.com\/wp-content\/uploads\/2025\/02\/2589.jpg\" \/>\n\t<meta property=\"og:image:width\" content=\"768\" \/>\n\t<meta property=\"og:image:height\" content=\"283\" \/>\n\t<meta property=\"og:image:type\" content=\"image\/jpeg\" \/>\n<meta name=\"twitter:card\" content=\"summary_large_image\" \/>\n<script type=\"application\/ld+json\" class=\"yoast-schema-graph\">{\"@context\":\"https:\/\/schema.org\",\"@graph\":[{\"@type\":\"WebPage\",\"@id\":\"https:\/\/canadanordic.com\/social-impact\/\",\"url\":\"https:\/\/canadanordic.com\/social-impact\/\",\"name\":\"Canada Nordic | Social Impact\",\"isPartOf\":{\"@id\":\"https:\/\/canadanordic.com\/#website\"},\"primaryImageOfPage\":{\"@id\":\"https:\/\/canadanordic.com\/social-impact\/#primaryimage\"},\"image\":{\"@id\":\"https:\/\/canadanordic.com\/social-impact\/#primaryimage\"},\"thumbnailUrl\":\"https:\/\/canadanordic.com\/wp-content\/uploads\/2025\/02\/2589.jpg\",\"datePublished\":\"2025-01-20T20:01:47+00:00\",\"dateModified\":\"2025-03-05T16:44:34+00:00\",\"description\":\"Making Canadian Immigration simpler and more human.\",\"breadcrumb\":{\"@id\":\"https:\/\/canadanordic.com\/social-impact\/#breadcrumb\"},\"inLanguage\":\"es\",\"potentialAction\":[{\"@type\":\"ReadAction\",\"target\":[\"https:\/\/canadanordic.com\/social-impact\/\"]}]},{\"@type\":\"ImageObject\",\"inLanguage\":\"es\",\"@id\":\"https:\/\/canadanordic.com\/social-impact\/#primaryimage\",\"url\":\"https:\/\/canadanordic.com\/wp-content\/uploads\/2025\/02\/2589.jpg\",\"contentUrl\":\"https:\/\/canadanordic.com\/wp-content\/uploads\/2025\/02\/2589.jpg\"},{\"@type\":\"BreadcrumbList\",\"@id\":\"https:\/\/canadanordic.com\/social-impact\/#breadcrumb\",\"itemListElement\":[{\"@type\":\"ListItem\",\"position\":1,\"name\":\"Home\",\"item\":\"https:\/\/canadanordic.com\/\"},{\"@type\":\"ListItem\",\"position\":2,\"name\":\"Social Impact\"}]},{\"@type\":\"WebSite\",\"@id\":\"https:\/\/canadanordic.com\/#website\",\"url\":\"https:\/\/canadanordic.com\/\",\"name\":\"Canada Nordic\",\"description\":\"\",\"publisher\":{\"@id\":\"https:\/\/canadanordic.com\/#organization\"},\"alternateName\":\"Canada Nordic\",\"potentialAction\":[{\"@type\":\"SearchAction\",\"target\":{\"@type\":\"EntryPoint\",\"urlTemplate\":\"https:\/\/canadanordic.com\/?s={search_term_string}\"},\"query-input\":{\"@type\":\"PropertyValueSpecification\",\"valueRequired\":true,\"valueName\":\"search_term_string\"}}],\"inLanguage\":\"es\"},{\"@type\":\"Organization\",\"@id\":\"https:\/\/canadanordic.com\/#organization\",\"name\":\"Canada Nordic\",\"alternateName\":\"Canada Nordic\",\"url\":\"https:\/\/canadanordic.com\/\",\"logo\":{\"@type\":\"ImageObject\",\"inLanguage\":\"es\",\"@id\":\"https:\/\/canadanordic.com\/#\/schema\/logo\/image\/\",\"url\":\"https:\/\/canadanordic.com\/wp-content\/uploads\/2025\/01\/Logo-canada.svg\",\"contentUrl\":\"https:\/\/canadanordic.com\/wp-content\/uploads\/2025\/01\/Logo-canada.svg\",\"width\":253,\"height\":56,\"caption\":\"Canada Nordic\"},\"image\":{\"@id\":\"https:\/\/canadanordic.com\/#\/schema\/logo\/image\/\"},\"sameAs\":[\"https:\/\/www.instagram.com\/canadanordic\",\"https:\/\/www.linkedin.com\/company\/canada-nordic-immigration-services\"],\"description\":\"Making Canadian Immigration simpler and more human.\",\"email\":\"info@canadanordic.com\",\"telephone\":\"+1 416 534 0040\"}]}<\/script>\n<!-- \/ Yoast SEO Premium plugin. -->","yoast_head_json":{"title":"Canada Nordic | Social Impact","description":"Making Canadian Immigration simpler and more human.","robots":{"index":"index","follow":"follow","max-snippet":"max-snippet:-1","max-image-preview":"max-image-preview:large","max-video-preview":"max-video-preview:-1"},"canonical":"https:\/\/canadanordic.com\/es\/social-impact\/","og_locale":"es_ES","og_type":"article","og_title":"Canada Nordic | Social Impact","og_description":"Making Canadian Immigration simpler and more human.","og_url":"https:\/\/canadanordic.com\/es\/social-impact\/","og_site_name":"Canada Nordic","article_modified_time":"2025-03-05T16:44:34+00:00","og_image":[{"width":768,"height":283,"url":"https:\/\/canadanordic.com\/wp-content\/uploads\/2025\/02\/2589.jpg","type":"image\/jpeg"}],"twitter_card":"summary_large_image","schema":{"@context":"https:\/\/schema.org","@graph":[{"@type":"WebPage","@id":"https:\/\/canadanordic.com\/social-impact\/","url":"https:\/\/canadanordic.com\/social-impact\/","name":"Canada Nordic | Social Impact","isPartOf":{"@id":"https:\/\/canadanordic.com\/#website"},"primaryImageOfPage":{"@id":"https:\/\/canadanordic.com\/social-impact\/#primaryimage"},"image":{"@id":"https:\/\/canadanordic.com\/social-impact\/#primaryimage"},"thumbnailUrl":"https:\/\/canadanordic.com\/wp-content\/uploads\/2025\/02\/2589.jpg","datePublished":"2025-01-20T20:01:47+00:00","dateModified":"2025-03-05T16:44:34+00:00","description":"Making Canadian Immigration simpler and more human.","breadcrumb":{"@id":"https:\/\/canadanordic.com\/social-impact\/#breadcrumb"},"inLanguage":"es","potentialAction":[{"@type":"ReadAction","target":["https:\/\/canadanordic.com\/social-impact\/"]}]},{"@type":"ImageObject","inLanguage":"es","@id":"https:\/\/canadanordic.com\/social-impact\/#primaryimage","url":"https:\/\/canadanordic.com\/wp-content\/uploads\/2025\/02\/2589.jpg","contentUrl":"https:\/\/canadanordic.com\/wp-content\/uploads\/2025\/02\/2589.jpg"},{"@type":"BreadcrumbList","@id":"https:\/\/canadanordic.com\/social-impact\/#breadcrumb","itemListElement":[{"@type":"ListItem","position":1,"name":"Home","item":"https:\/\/canadanordic.com\/"},{"@type":"ListItem","position":2,"name":"Social Impact"}]},{"@type":"WebSite","@id":"https:\/\/canadanordic.com\/#website","url":"https:\/\/canadanordic.com\/","name":"Canada Nordic","description":"","publisher":{"@id":"https:\/\/canadanordic.com\/#organization"},"alternateName":"Canada Nordic","potentialAction":[{"@type":"SearchAction","target":{"@type":"EntryPoint","urlTemplate":"https:\/\/canadanordic.com\/?s={search_term_string}"},"query-input":{"@type":"PropertyValueSpecification","valueRequired":true,"valueName":"search_term_string"}}],"inLanguage":"es"},{"@type":"Organization","@id":"https:\/\/canadanordic.com\/#organization","name":"Canada Nordic","alternateName":"Canada Nordic","url":"https:\/\/canadanordic.com\/","logo":{"@type":"ImageObject","inLanguage":"es","@id":"https:\/\/canadanordic.com\/#\/schema\/logo\/image\/","url":"https:\/\/canadanordic.com\/wp-content\/uploads\/2025\/01\/Logo-canada.svg","contentUrl":"https:\/\/canadanordic.com\/wp-content\/uploads\/2025\/01\/Logo-canada.svg","width":253,"height":56,"caption":"Canada Nordic"},"image":{"@id":"https:\/\/canadanordic.com\/#\/schema\/logo\/image\/"},"sameAs":["https:\/\/www.instagram.com\/canadanordic","https:\/\/www.linkedin.com\/company\/canada-nordic-immigration-services"],"description":"Making Canadian Immigration simpler and more human.","email":"info@canadanordic.com","telephone":"+1 416 534 0040"}]}},"_links":{"self":[{"href":"https:\/\/canadanordic.com\/es\/wp-json\/wp\/v2\/pages\/565","targetHints":{"allow":["GET"]}}],"collection":[{"href":"https:\/\/canadanordic.com\/es\/wp-json\/wp\/v2\/pages"}],"about":[{"href":"https:\/\/canadanordic.com\/es\/wp-json\/wp\/v2\/types\/page"}],"author":[{"embeddable":true,"href":"https:\/\/canadanordic.com\/es\/wp-json\/wp\/v2\/users\/5"}],"replies":[{"embeddable":true,"href":"https:\/\/canadanordic.com\/es\/wp-json\/wp\/v2\/comments?post=565"}],"version-history":[{"count":73,"href":"https:\/\/canadanordic.com\/es\/wp-json\/wp\/v2\/pages\/565\/revisions"}],"predecessor-version":[{"id":4155,"href":"https:\/\/canadanordic.com\/es\/wp-json\/wp\/v2\/pages\/565\/revisions\/4155"}],"wp:attachment":[{"href":"https:\/\/canadanordic.com\/es\/wp-json\/wp\/v2\/media?parent=565"}],"curies":[{"name":"wp","href":"https:\/\/api.w.org\/{rel}","templated":true}]}}